{"id":82,"date":"2017-04-18T13:40:24","date_gmt":"2017-04-18T10:40:24","guid":{"rendered":"http:\/\/www.maxfieldinvest.com\/ana-sayfa\/"},"modified":"2022-08-18T04:06:15","modified_gmt":"2022-08-18T01:06:15","slug":"ana-sayfa","status":"publish","type":"page","link":"https:\/\/www.maxfieldinvest.com\/en\/","title":{"rendered":"Home Page"},"content":{"rendered":"<p>[et_pb_section fb_built=&#8221;1&#8243; background_image=&#8221;http:\/\/www.maxfieldinvest.com\/wp-content\/uploads\/2017\/04\/fon_logo.png&#8221; custom_padding=&#8221;0px||0px|&#8221; admin_label=&#8221;section&#8221;][et_pb_row make_fullwidth=&#8221;on&#8221; custom_margin=&#8221;-90px|||&#8221; admin_label=&#8221;row&#8221;][et_pb_column type=&#8221;4_4&#8243; parallax=&#8221;off&#8221; parallax_method=&#8221;on&#8221;][et_pb_slider auto=&#8221;on&#8221; auto_speed=&#8221;6000&#8243; auto_ignore_hover=&#8221;on&#8221; admin_label=&#8221;Slider&#8221;][et_pb_slide heading=&#8221;Maxfield Invest LLP&#8221; button_text=&#8221;Read More&#8221; button_link=&#8221;https:\/\/www.maxfieldinvest.com\/en\/construction-services\/&#8221; background_image=&#8221;https:\/\/www.maxfieldinvest.com\/wp-content\/uploads\/2022\/08\/insaat.jpg&#8221; background_position=&#8221;center&#8221; background_size=&#8221;cover&#8221; background_color=&#8221;#2EA3F2&#8243; image=&#8221;https:\/\/www.maxfieldinvest.com\/wp-content\/uploads\/2022\/08\/insaat.png&#8221; use_bg_overlay=&#8221;on&#8221; use_text_overlay=&#8221;on&#8221; header_font=&#8221;||||&#8221; body_font=&#8221;||||&#8221; button_icon_placement=&#8221;right&#8221; button_on_hover=&#8221;on&#8221;]<\/p>\n<p>&nbsp;<\/p>\n<p>&nbsp;<\/p>\n<p align=\"center\"><span lang=\"EN-US\">Maxfield Invest LLP is one of the reliable companies in organizing the supply of special machinery, equipment and spare parts from China.!<\/span><\/p>\n<p>&nbsp;<\/p>\n<p>&nbsp;<\/p>\n<p>[\/et_pb_slide][et_pb_slide heading=&#8221;Maxfield Invest LLP&#8221; button_text=&#8221;Read More&#8221; button_link=&#8221;http:\/\/www.maxfieldinvest.com\/en\/raw-materials\/&#8221; background_image=&#8221;http:\/\/www.maxfieldinvest.com\/wp-content\/uploads\/2017\/04\/bakir.jpg&#8221; background_position=&#8221;center&#8221; background_size=&#8221;cover&#8221; background_color=&#8221;#2EA3F2&#8243; image=&#8221;http:\/\/www.maxfieldinvest.com\/wp-content\/uploads\/2017\/04\/hammadde3.png&#8221; use_bg_overlay=&#8221;on&#8221; use_text_overlay=&#8221;on&#8221; header_font=&#8221;||||&#8221; body_font=&#8221;||||&#8221; button_icon_placement=&#8221;right&#8221; button_on_hover=&#8221;on&#8221;]<\/p>\n<p>&nbsp;<\/p>\n<p>&nbsp;<\/p>\n<p align=\"center\"><span lang=\"EN-US\">Our company specializes in the supply of raw material and finished products to Turkey, Russia, China, EU, Ukraine!<\/span><\/p>\n<p>&nbsp;<\/p>\n<p>&nbsp;<\/p>\n<p>[\/et_pb_slide][et_pb_slide heading=&#8221;Maxfield Invest LLP&#8221; button_text=&#8221;Read More&#8221; button_link=&#8221;http:\/\/www.maxfieldinvest.com\/en\/bar-cable-and-wires\/&#8221; background_image=&#8221;http:\/\/www.maxfieldinvest.com\/wp-content\/uploads\/2017\/04\/kablo-ve-teller.jpg&#8221; background_position=&#8221;center&#8221; background_size=&#8221;cover&#8221; background_color=&#8221;#2EA3F2&#8243; use_bg_overlay=&#8221;on&#8221; use_text_overlay=&#8221;on&#8221; header_font=&#8221;||||&#8221; body_font=&#8221;||||&#8221; button_icon_placement=&#8221;right&#8221; button_on_hover=&#8221;on&#8221;]<\/p>\n<p>&nbsp;<\/p>\n<p>&nbsp;<\/p>\n<p style=\"text-align: center;\"><span lang=\"EN-US\">Our company specializes in the supply of raw material and finished products to Turkey, Russia, China, EU, Ukraine!<\/span><\/p>\n<p>&nbsp;<\/p>\n<p>&nbsp;<\/p>\n<p>[\/et_pb_slide][et_pb_slide heading=&#8221;Maxfield Invest LLP&#8221; button_text=&#8221;Read More&#8221; background_image=&#8221;http:\/\/www.maxfieldinvest.com\/wp-content\/uploads\/2017\/04\/slider-2.jpg&#8221; background_position=&#8221;center&#8221; background_size=&#8221;cover&#8221; background_color=&#8221;#2EA3F2&#8243; use_bg_overlay=&#8221;on&#8221; use_text_overlay=&#8221;on&#8221; header_font=&#8221;||||&#8221; body_font=&#8221;||||&#8221; button_icon_placement=&#8221;right&#8221; button_on_hover=&#8221;on&#8221;]<\/p>\n<p>&nbsp;<\/p>\n<p>&nbsp;<\/p>\n<p style=\"text-align: center;\"><span lang=\"EN-US\">Our company specializes in the supply of raw material and finished products to Turkey, Russia, China, EU, Ukraine!<\/span><\/p>\n<p>&nbsp;<\/p>\n<p>&nbsp;<\/p>\n<p>[\/et_pb_slide][\/et_pb_slider][\/et_pb_column][\/et_pb_row][\/et_pb_section][et_pb_section fb_built=&#8221;1&#8243; admin_label=&#8221;B\u00f6l\u00fcm&#8221;][et_pb_row admin_label=&#8221;Sat\u0131r&#8221;][et_pb_column type=&#8221;4_4&#8243; parallax=&#8221;off&#8221; parallax_method=&#8221;on&#8221;][et_pb_text admin_label=&#8221;Metin&#8221;]<\/p>\n<p>Our company was founded in 2014 by businessmen specializing in international trade. We sell dried fruits and vegetables, copper (copper tube, copper wire, copper cable, copper pot), zinc (zinc pot, copper-zinc alloy sheet), Zamak, cotton yarn and other textiles.<\/p>\n<p>[\/et_pb_text][\/et_pb_column][\/et_pb_row][\/et_pb_section][et_pb_section fb_built=&#8221;1&#8243; fullwidth=&#8221;on&#8221; admin_label=&#8221;B\u00f6l\u00fcm&#8221;][et_pb_fullwidth_code admin_label=&#8221;Tam Geni\u015f Kod&#8221;]&lt;center&gt;&lt;iframe frameborder=&quot;0&quot; scrolling=&quot;no&quot; height=&quot;62&quot; width=&quot;1200&quot; allowtransparency=&quot;true&quot; marginwidth=&quot;0&quot; marginheight=&quot;0&quot; src=&quot;https:\/\/ssltools.forexprostools.com\/quotes_bar.php?force_lang=10&amp;tab_1=1,2,3,66,4&amp;tab_2=8830,8831,8836,8910,49768&amp;tab_3=956731,956481,27,172,166&amp;curr-name-color=%230059B0&amp;inner-text-color=%23666666&amp;green-text-color=%23008000&amp;red-text-color=%23FF0000&quot;&gt;&lt;\/iframe&gt;&lt;\/center&gt;[\/et_pb_fullwidth_code][\/et_pb_section]<\/p>\n","protected":false},"excerpt":{"rendered":"<p>[et_pb_section fb_built=&#8221;1&#8243; background_image=&#8221;http:\/\/www.maxfieldinvest.com\/wp-content\/uploads\/2017\/04\/fon_logo.png&#8221; custom_padding=&#8221;0px||0px|&#8221; admin_label=&#8221;section&#8221;][et_pb_row make_fullwidth=&#8221;on&#8221; custom_margin=&#8221;-90px|||&#8221; admin_label=&#8221;row&#8221;][et_pb_column type=&#8221;4_4&#8243; parallax=&#8221;off&#8221; parallax_method=&#8221;on&#8221;][et_pb_slider auto=&#8221;on&#8221; auto_speed=&#8221;6000&#8243; auto_ignore_hover=&#8221;on&#8221; admin_label=&#8221;Slider&#8221;][et_pb_slide heading=&#8221;Maxfield Invest LLP&#8221; button_text=&#8221;Read More&#8221; button_link=&#8221;https:\/\/www.maxfieldinvest.com\/en\/construction-services\/&#8221; background_image=&#8221;https:\/\/www.maxfieldinvest.com\/wp-content\/uploads\/2022\/08\/insaat.jpg&#8221; background_position=&#8221;center&#8221; background_size=&#8221;cover&#8221; background_color=&#8221;#2EA3F2&#8243; image=&#8221;https:\/\/www.maxfieldinvest.com\/wp-content\/uploads\/2022\/08\/insaat.png&#8221; use_bg_overlay=&#8221;on&#8221; use_text_overlay=&#8221;on&#8221; header_font=&#8221;||||&#8221; body_font=&#8221;||||&#8221; button_icon_placement=&#8221;right&#8221; button_on_hover=&#8221;on&#8221;] &nbsp; &nbsp; Maxfield Invest LLP is one of the reliable companies in organizing the supply of special machinery, equipment and spare parts from [&hellip;]<\/p>\n","protected":false},"author":1,"featured_media":0,"parent":0,"menu_order":0,"comment_status":"closed","ping_status":"closed","template":"","meta":[],"_links":{"self":[{"href":"https:\/\/www.maxfieldinvest.com\/en\/wp-json\/wp\/v2\/pages\/82"}],"collection":[{"href":"https:\/\/www.maxfieldinvest.com\/en\/wp-json\/wp\/v2\/pages"}],"about":[{"href":"https:\/\/www.maxfieldinvest.com\/en\/wp-json\/wp\/v2\/types\/page"}],"author":[{"embeddable":true,"href":"https:\/\/www.maxfieldinvest.com\/en\/wp-json\/wp\/v2\/users\/1"}],"replies":[{"embeddable":true,"href":"https:\/\/www.maxfieldinvest.com\/en\/wp-json\/wp\/v2\/comments?post=82"}],"version-history":[{"count":16,"href":"https:\/\/www.maxfieldinvest.com\/en\/wp-json\/wp\/v2\/pages\/82\/revisions"}],"predecessor-version":[{"id":5643,"href":"https:\/\/www.maxfieldinvest.com\/en\/wp-json\/wp\/v2\/pages\/82\/revisions\/5643"}],"wp:attachment":[{"href":"https:\/\/www.maxfieldinvest.com\/en\/wp-json\/wp\/v2\/media?parent=82"}],"curies":[{"name":"wp","href":"https:\/\/api.w.org\/{rel}","templated":true}]}}