{"id":5411,"date":"2020-01-13T05:53:37","date_gmt":"2020-01-13T02:53:37","guid":{"rendered":"https:\/\/www.maxfieldinvest.com\/?page_id=5411"},"modified":"2020-01-13T06:02:05","modified_gmt":"2020-01-13T03:02:05","slug":"%d1%81%d1%82%d1%80%d0%be%d0%b8%d1%82%d0%b5%d0%bb%d1%8c%d1%81%d1%82%d0%b2%d0%b0-%d1%83%d1%81%d0%bb%d1%83%d0%b3%d0%b8","status":"publish","type":"page","link":"https:\/\/www.maxfieldinvest.com\/ru\/%d1%81%d1%82%d1%80%d0%be%d0%b8%d1%82%d0%b5%d0%bb%d1%8c%d1%81%d1%82%d0%b2%d0%b0-%d1%83%d1%81%d0%bb%d1%83%d0%b3%d0%b8\/","title":{"rendered":"\u0421\u0442\u0440\u043e\u0438\u0442\u0435\u043b\u044c\u0441\u0442\u0432\u0430 \u0443\u0441\u043b\u0443\u0433\u0438"},"content":{"rendered":"<p>[et_pb_section bb_built=&#187;1&#8243; admin_label=&#187;section&#187;][et_pb_row admin_label=&#187;row&#187;][et_pb_column type=&#187;4_4&#8243;][et_pb_text admin_label=&#187;Metin&#187; background_layout=&#187;light&#187; text_orientation=&#187;left&#187; use_border_color=&#187;off&#187; border_color=&#187;#ffffff&#187; border_style=&#187;solid&#187;]<\/p>\n<p>Maxfield Invest LLP \u044f\u0432\u043b\u044f\u0435\u0442\u0441\u044f \u043e\u0434\u043d\u043e\u0439 \u0438\u0437 \u043d\u0430\u0434\u0435\u0436\u043d\u044b\u0445 \u043a\u043e\u043c\u043f\u0430\u043d\u0438\u0439 \u043f\u043e \u043e\u0440\u0433\u0430\u043d\u0438\u0437\u0430\u0446\u0438\u0438 \u043f\u043e\u0441\u0442\u0430\u0432\u043e\u043a \u0441\u043f\u0435\u0446\u0442\u0435\u0445\u043d\u0438\u043a\u0438, \u043e\u0431\u043e\u0440\u0443\u0434\u043e\u0432\u0430\u043d\u0438\u044f \u0438 \u0437\u0430\u043f\u0447\u0430\u0441\u0442\u0435\u0439 \u0438\u0437 \u041a\u041d\u0420.<\/p>\n<p>\u041d\u0430 \u0441\u0435\u0433\u043e\u0434\u043d\u044f\u0448\u043d\u0438\u0439 \u0434\u0435\u043d\u044c \u043a\u043e\u043c\u043f\u0430\u043d\u0438\u044f Maxfield Invest LLP \u043f\u0440\u0435\u0434\u0441\u0442\u0430\u0432\u043b\u044f\u0435\u0442 \u043d\u0430 \u0440\u044b\u043d\u043a\u0435 \u0423\u0437\u0431\u0435\u043a\u0438\u0441\u0442\u0430\u043d\u0430 \u0438 \u0434\u0440\u0443\u0433\u0438\u0445 \u0426\u0435\u043d\u0442\u0440\u0430\u043b\u044c\u043d\u043e-\u0430\u0437\u0438\u044f\u0442\u0441\u043a\u0438\u0445 \u0441\u0442\u0440\u0430\u043d, \u0442\u0430\u043a\u0438\u0435 \u043c\u0438\u0440\u043e\u0432\u044b\u0435 \u0431\u0440\u0435\u043d\u0434\u044b \u043a\u0430\u043a Sinotruk, Liugong, XCMG, XGMA, TONLY, Zoomlion, Dong Feng, MAN, AIMIX \u043f\u0440\u043e\u0438\u0437\u0432\u043e\u0434\u044f\u0449\u0438\u0435 \u0432\u0435\u0441\u044c \u0441\u043f\u0435\u043a\u0442\u0440 \u0441\u0442\u0440\u043e\u0438\u0442\u0435\u043b\u044c\u043d\u043e\u0439, \u0434\u043e\u0440\u043e\u0436\u043d\u043e\u0439, \u043a\u0430\u0440\u044c\u0435\u0440\u043d\u043e\u0439 \u0441\u043f\u0435\u0446\u0442\u0435\u0445\u043d\u0438\u043a\u0438.<\/p>\n<p>[\/et_pb_text][et_pb_text admin_label=&#187;Metin&#187; background_layout=&#187;light&#187; text_orientation=&#187;left&#187; use_border_color=&#187;off&#187; border_color=&#187;#ffffff&#187; border_style=&#187;solid&#187;]<\/p>\n<p><img loading=\"lazy\" class=\"alignnone size-full wp-image-5416\" src=\"https:\/\/www.maxfieldinvest.com\/wp-content\/uploads\/2020\/01\/1.jpg\" alt=\"\" width=\"264\" height=\"141\" \/><img loading=\"lazy\" class=\"alignnone size-full wp-image-5428\" src=\"https:\/\/www.maxfieldinvest.com\/wp-content\/uploads\/2020\/01\/5.jpg\" alt=\"\" width=\"264\" height=\"141\" \/><img loading=\"lazy\" class=\"alignnone size-full wp-image-5422\" src=\"https:\/\/www.maxfieldinvest.com\/wp-content\/uploads\/2020\/01\/3.jpg\" alt=\"\" width=\"264\" height=\"141\" \/><img loading=\"lazy\" class=\"alignnone size-full wp-image-5425\" src=\"https:\/\/www.maxfieldinvest.com\/wp-content\/uploads\/2020\/01\/4.jpg\" alt=\"\" width=\"264\" height=\"141\" \/><img loading=\"lazy\" class=\"alignnone size-full wp-image-5431\" src=\"https:\/\/www.maxfieldinvest.com\/wp-content\/uploads\/2020\/01\/6.jpg\" alt=\"\" width=\"264\" height=\"141\" \/><img loading=\"lazy\" class=\"alignnone size-full wp-image-5434\" src=\"https:\/\/www.maxfieldinvest.com\/wp-content\/uploads\/2020\/01\/7.jpg\" alt=\"\" width=\"264\" height=\"141\" \/><img loading=\"lazy\" class=\"alignnone size-full wp-image-5440\" src=\"https:\/\/www.maxfieldinvest.com\/wp-content\/uploads\/2020\/01\/9.jpg\" alt=\"\" width=\"264\" height=\"141\" \/><img loading=\"lazy\" class=\"alignnone size-full wp-image-5437\" src=\"https:\/\/www.maxfieldinvest.com\/wp-content\/uploads\/2020\/01\/8.jpg\" alt=\"\" width=\"264\" height=\"141\" \/> \u00a0\u00a0\u00a0\u00a0\u00a0<img loading=\"lazy\" class=\"alignnone size-full wp-image-5419\" src=\"https:\/\/www.maxfieldinvest.com\/wp-content\/uploads\/2020\/01\/2.jpg\" alt=\"\" width=\"264\" height=\"141\" \/><\/p>\n<p>[\/et_pb_text][\/et_pb_column][\/et_pb_row][\/et_pb_section][et_pb_section bb_built=&#187;1&#8243; admin_label=&#187;section&#187; transparent_background=&#187;off&#187; allow_player_pause=&#187;off&#187; inner_shadow=&#187;off&#187; parallax=&#187;off&#187; parallax_method=&#187;on&#187; custom_padding=&#187;-100px|||&#187; make_fullwidth=&#187;off&#187; use_custom_width=&#187;off&#187; width_unit=&#187;on&#187; make_equal=&#187;off&#187; use_custom_gutter=&#187;off&#187;][et_pb_row admin_label=&#187;Sat\u0131r&#187;][et_pb_column type=&#187;4_4&#8243;][et_pb_text admin_label=&#187;Metin&#187; background_layout=&#187;light&#187; text_orientation=&#187;left&#187; use_border_color=&#187;off&#187; border_color=&#187;#ffffff&#187; border_style=&#187;solid&#187;]<\/p>\n<h2><strong>\u041f\u043e\u0441\u0442\u0430\u0432\u043b\u044f\u0435\u043c\u0430\u044f \u0442\u0435\u0445\u043d\u0438\u043a\u0430<\/strong><\/h2>\n<p>[\/et_pb_text][\/et_pb_column][\/et_pb_row][et_pb_row admin_label=&#187;row&#187;][et_pb_column type=&#187;1_4&#8243;][et_pb_image admin_label=&#187;G\u00f6r\u00fcnt\u00fc&#187; src=&#187;https:\/\/www.maxfieldinvest.com\/wp-content\/uploads\/2020\/01\/Motorlu-beton-deplasman.jpg&#187; alt=&#187;Motorlu Beton Deplasman&#187; title_text=&#187;Motorlu Beton Deplasman&#187; show_in_lightbox=&#187;off&#187; url_new_window=&#187;off&#187; use_overlay=&#187;off&#187; animation=&#187;left&#187; sticky=&#187;off&#187; align=&#187;center&#187; force_fullwidth=&#187;off&#187; always_center_on_mobile=&#187;on&#187; use_border_color=&#187;off&#187; border_color=&#187;#ffffff&#187; border_style=&#187;solid&#187; \/][et_pb_text admin_label=&#187;Metin&#187; background_layout=&#187;light&#187; text_orientation=&#187;center&#187; use_border_color=&#187;off&#187; border_color=&#187;#ffffff&#187; border_style=&#187;solid&#187;]<\/p>\n<h4 style=\"text-align: center;\"><strong>\u0421\u0430\u043c\u043e\u0445\u043e\u0434\u043d\u044b\u0439 \u0431\u0435\u0442\u043e\u043d\u043e\u0441\u043c\u0435\u0441\u0442\u0438\u0442\u0435\u043b\u044c<\/strong><\/h4>\n<p>[\/et_pb_text][\/et_pb_column][et_pb_column type=&#187;1_4&#8243;][et_pb_image admin_label=&#187;G\u00f6r\u00fcnt\u00fc&#187; src=&#187;https:\/\/www.maxfieldinvest.com\/wp-content\/uploads\/2020\/01\/Beton-pompas\u0131.jpg&#187; alt=&#187;Beton pompas\u0131&#187; title_text=&#187;Beton pompas\u0131&#187; show_in_lightbox=&#187;off&#187; url_new_window=&#187;off&#187; use_overlay=&#187;off&#187; animation=&#187;left&#187; sticky=&#187;off&#187; align=&#187;center&#187; force_fullwidth=&#187;off&#187; always_center_on_mobile=&#187;on&#187; use_border_color=&#187;off&#187; border_color=&#187;#ffffff&#187; border_style=&#187;solid&#187; \/][et_pb_text admin_label=&#187;Metin&#187; background_layout=&#187;light&#187; text_orientation=&#187;center&#187; use_border_color=&#187;off&#187; border_color=&#187;#ffffff&#187; border_style=&#187;solid&#187;]<\/p>\n<h4 style=\"text-align: center;\"><strong>\u0410\u0432\u0442\u043e\u0431\u0435\u0442\u043e\u043d\u0430\u043d\u0430\u0441\u043e\u0441<\/strong><\/h4>\n<p>[\/et_pb_text][\/et_pb_column][et_pb_column type=&#187;1_4&#8243;][et_pb_image admin_label=&#187;G\u00f6r\u00fcnt\u00fc&#187; src=&#187;https:\/\/www.maxfieldinvest.com\/wp-content\/uploads\/2020\/01\/Sabit-beton-pompas\u0131.jpg&#187; alt=&#187;Sabit Beton Pompas\u0131&#187; title_text=&#187;Sabit Beton Pompas\u0131&#187; show_in_lightbox=&#187;off&#187; url_new_window=&#187;off&#187; use_overlay=&#187;off&#187; animation=&#187;left&#187; sticky=&#187;off&#187; align=&#187;center&#187; force_fullwidth=&#187;off&#187; always_center_on_mobile=&#187;on&#187; use_border_color=&#187;off&#187; border_color=&#187;#ffffff&#187; border_style=&#187;solid&#187; \/][et_pb_text admin_label=&#187;Metin&#187; background_layout=&#187;light&#187; text_orientation=&#187;center&#187; use_border_color=&#187;off&#187; border_color=&#187;#ffffff&#187; border_style=&#187;solid&#187;]<\/p>\n<h4 style=\"text-align: center;\"><strong>\u0421\u0442\u0430\u0446\u0438\u043e\u043d\u0430\u0440\u043d\u044b\u0439 \u0431\u0435\u0442\u043e\u043d\u0430\u043d\u0430\u0441\u043e\u0441<\/strong><\/h4>\n<p>[\/et_pb_text][\/et_pb_column][et_pb_column type=&#187;1_4&#8243;][et_pb_image admin_label=&#187;G\u00f6r\u00fcnt\u00fc&#187; src=&#187;https:\/\/www.maxfieldinvest.com\/wp-content\/uploads\/2020\/01\/Auto-beton-Dispenseri.jpg&#187; alt=&#187;Auto-beton Dispenseri&#187; title_text=&#187;Auto-beton Dispenseri&#187; show_in_lightbox=&#187;off&#187; url_new_window=&#187;off&#187; use_overlay=&#187;off&#187; animation=&#187;left&#187; sticky=&#187;off&#187; align=&#187;center&#187; force_fullwidth=&#187;off&#187; always_center_on_mobile=&#187;on&#187; use_border_color=&#187;off&#187; border_color=&#187;#ffffff&#187; border_style=&#187;solid&#187; \/][et_pb_text admin_label=&#187;Metin&#187; background_layout=&#187;light&#187; text_orientation=&#187;center&#187; use_border_color=&#187;off&#187; border_color=&#187;#ffffff&#187; border_style=&#187;solid&#187;]<\/p>\n<h4 style=\"text-align: center;\"><strong>\u0410\u0432\u0442\u043e\u0431\u0435\u0442\u043e\u043d\u043e\u0441\u043c\u0435\u0441\u0442\u0438\u0442\u0435\u043b\u044c<\/strong><\/h4>\n<p>[\/et_pb_text][\/et_pb_column][\/et_pb_row][et_pb_row admin_label=&#187;row&#187;][et_pb_column type=&#187;1_4&#8243;][et_pb_image admin_label=&#187;G\u00f6r\u00fcnt\u00fc&#187; src=&#187;https:\/\/www.maxfieldinvest.com\/wp-content\/uploads\/2020\/01\/\u00c7imento-Kamyonu.jpg&#187; alt=&#187;\u00c7imento Kamyonu&#187; title_text=&#187;\u00c7imento Kamyonu&#187; show_in_lightbox=&#187;off&#187; url_new_window=&#187;off&#187; use_overlay=&#187;off&#187; animation=&#187;left&#187; sticky=&#187;off&#187; align=&#187;center&#187; force_fullwidth=&#187;off&#187; always_center_on_mobile=&#187;on&#187; use_border_color=&#187;off&#187; border_color=&#187;#ffffff&#187; border_style=&#187;solid&#187; \/][et_pb_text admin_label=&#187;Metin&#187; background_layout=&#187;light&#187; text_orientation=&#187;center&#187; use_border_color=&#187;off&#187; border_color=&#187;#ffffff&#187; border_style=&#187;solid&#187;]<\/p>\n<h4 style=\"text-align: center;\"><strong>\u0426\u0435\u043c\u0435\u043d\u0442\u043e\u0432\u043e\u0437<\/strong><\/h4>\n<p>[\/et_pb_text][\/et_pb_column][et_pb_column type=&#187;1_4&#8243;][et_pb_image admin_label=&#187;G\u00f6r\u00fcnt\u00fc&#187; src=&#187;https:\/\/www.maxfieldinvest.com\/wp-content\/uploads\/2020\/01\/Buldozer.jpg&#187; alt=&#187;Buldozer&#187; title_text=&#187;Buldozer&#187; show_in_lightbox=&#187;off&#187; url_new_window=&#187;off&#187; use_overlay=&#187;off&#187; animation=&#187;left&#187; sticky=&#187;off&#187; align=&#187;center&#187; force_fullwidth=&#187;off&#187; always_center_on_mobile=&#187;on&#187; use_border_color=&#187;off&#187; border_color=&#187;#ffffff&#187; border_style=&#187;solid&#187; \/][et_pb_text admin_label=&#187;Metin&#187; background_layout=&#187;light&#187; text_orientation=&#187;center&#187; use_border_color=&#187;off&#187; border_color=&#187;#ffffff&#187; border_style=&#187;solid&#187;]<\/p>\n<h4 style=\"text-align: center;\"><strong>\u0411\u0443\u043b\u044c\u0434\u043e\u0437\u0435\u0440<\/strong><\/h4>\n<p>[\/et_pb_text][\/et_pb_column][et_pb_column type=&#187;1_4&#8243;][et_pb_image admin_label=&#187;G\u00f6r\u00fcnt\u00fc&#187; src=&#187;https:\/\/www.maxfieldinvest.com\/wp-content\/uploads\/2020\/01\/Damperli-Kamyon.jpg&#187; alt=&#187;Damperli Kamyon&#187; title_text=&#187;Damperli Kamyon&#187; show_in_lightbox=&#187;off&#187; url_new_window=&#187;off&#187; use_overlay=&#187;off&#187; animation=&#187;left&#187; sticky=&#187;off&#187; align=&#187;center&#187; force_fullwidth=&#187;off&#187; always_center_on_mobile=&#187;on&#187; use_border_color=&#187;off&#187; border_color=&#187;#ffffff&#187; border_style=&#187;solid&#187; \/][et_pb_text admin_label=&#187;Metin&#187; background_layout=&#187;light&#187; text_orientation=&#187;center&#187; use_border_color=&#187;off&#187; border_color=&#187;#ffffff&#187; border_style=&#187;solid&#187;]<\/p>\n<h4 style=\"text-align: center;\"><strong>\u0421\u0430\u043c\u043e\u0441\u0432\u0430\u043b<\/strong><\/h4>\n<p>[\/et_pb_text][\/et_pb_column][et_pb_column type=&#187;1_4&#8243;][et_pb_image admin_label=&#187;G\u00f6r\u00fcnt\u00fc&#187; src=&#187;https:\/\/www.maxfieldinvest.com\/wp-content\/uploads\/2020\/01\/R\u00f6mork-Kamyonu.jpg&#187; alt=&#187;R\u00f6mork Kamyonu&#187; title_text=&#187;R\u00f6mork Kamyonu&#187; show_in_lightbox=&#187;off&#187; url_new_window=&#187;off&#187; use_overlay=&#187;off&#187; animation=&#187;left&#187; sticky=&#187;off&#187; align=&#187;center&#187; force_fullwidth=&#187;off&#187; always_center_on_mobile=&#187;on&#187; use_border_color=&#187;off&#187; border_color=&#187;#ffffff&#187; border_style=&#187;solid&#187; \/][et_pb_text admin_label=&#187;Metin&#187; background_layout=&#187;light&#187; text_orientation=&#187;center&#187; use_border_color=&#187;off&#187; border_color=&#187;#ffffff&#187; border_style=&#187;solid&#187;]<\/p>\n<h4 style=\"text-align: center;\"><strong>\u0422\u0440\u0430\u043b<\/strong><\/h4>\n<p>[\/et_pb_text][\/et_pb_column][\/et_pb_row][et_pb_row admin_label=&#187;row&#187;][et_pb_column type=&#187;1_4&#8243;][et_pb_image admin_label=&#187;G\u00f6r\u00fcnt\u00fc&#187; src=&#187;https:\/\/www.maxfieldinvest.com\/wp-content\/uploads\/2020\/01\/\u00c7ekici.jpg&#187; alt=&#187;\u00c7ekici&#187; title_text=&#187;\u00c7ekici&#187; show_in_lightbox=&#187;off&#187; url_new_window=&#187;off&#187; use_overlay=&#187;off&#187; animation=&#187;left&#187; sticky=&#187;off&#187; align=&#187;center&#187; force_fullwidth=&#187;off&#187; always_center_on_mobile=&#187;on&#187; use_border_color=&#187;off&#187; border_color=&#187;#ffffff&#187; border_style=&#187;solid&#187; \/][et_pb_text admin_label=&#187;Metin&#187; background_layout=&#187;light&#187; text_orientation=&#187;center&#187; use_border_color=&#187;off&#187; border_color=&#187;#ffffff&#187; border_style=&#187;solid&#187;]<\/p>\n<h4 style=\"text-align: center;\"><strong>\u0422\u044f\u0433\u0430\u0447\u0438<\/strong><\/h4>\n<p>[\/et_pb_text][\/et_pb_column][et_pb_column type=&#187;1_4&#8243;][et_pb_image admin_label=&#187;G\u00f6r\u00fcnt\u00fc&#187; src=&#187;https:\/\/www.maxfieldinvest.com\/wp-content\/uploads\/2020\/01\/Asfalt-Yol-Silindiri.jpg&#187; alt=&#187;Asfalt Yol Silindiri&#187; title_text=&#187;Asfalt Yol Silindiri&#187; show_in_lightbox=&#187;off&#187; url_new_window=&#187;off&#187; use_overlay=&#187;off&#187; animation=&#187;left&#187; sticky=&#187;off&#187; align=&#187;center&#187; force_fullwidth=&#187;off&#187; always_center_on_mobile=&#187;on&#187; use_border_color=&#187;off&#187; border_color=&#187;#ffffff&#187; border_style=&#187;solid&#187; \/][et_pb_text admin_label=&#187;Metin&#187; background_layout=&#187;light&#187; text_orientation=&#187;center&#187; use_border_color=&#187;off&#187; border_color=&#187;#ffffff&#187; border_style=&#187;solid&#187;]<\/p>\n<h4 style=\"text-align: center;\"><strong>\u041a\u0430\u0442\u043e\u043a<\/strong><\/h4>\n<p>[\/et_pb_text][\/et_pb_column][et_pb_column type=&#187;1_4&#8243;][et_pb_image admin_label=&#187;G\u00f6r\u00fcnt\u00fc&#187; src=&#187;https:\/\/www.maxfieldinvest.com\/wp-content\/uploads\/2020\/01\/Motorlu-Greyder.jpg&#187; alt=&#187;Motorlu Greyder&#187; title_text=&#187;Motorlu Greyder&#187; show_in_lightbox=&#187;off&#187; url_new_window=&#187;off&#187; use_overlay=&#187;off&#187; animation=&#187;left&#187; sticky=&#187;off&#187; align=&#187;center&#187; force_fullwidth=&#187;off&#187; always_center_on_mobile=&#187;on&#187; use_border_color=&#187;off&#187; border_color=&#187;#ffffff&#187; border_style=&#187;solid&#187; \/][et_pb_text admin_label=&#187;Metin&#187; background_layout=&#187;light&#187; text_orientation=&#187;center&#187; use_border_color=&#187;off&#187; border_color=&#187;#ffffff&#187; border_style=&#187;solid&#187;]<\/p>\n<h4 style=\"text-align: center;\"><strong>\u0410\u0432\u0442\u043e\u0433\u0440\u0435\u0439\u0434\u0435\u0440<\/strong><\/h4>\n<p>[\/et_pb_text][\/et_pb_column][et_pb_column type=&#187;1_4&#8243;][et_pb_image admin_label=&#187;G\u00f6r\u00fcnt\u00fc&#187; src=&#187;https:\/\/www.maxfieldinvest.com\/wp-content\/uploads\/2020\/01\/Asfalt-\u0130stifleme-Makinas\u0131.jpg&#187; alt=&#187;Asfalt \u0130stifleme Makinas\u0131&#187; title_text=&#187;Asfalt \u0130stifleme Makinas\u0131&#187; show_in_lightbox=&#187;off&#187; url_new_window=&#187;off&#187; use_overlay=&#187;off&#187; animation=&#187;left&#187; sticky=&#187;off&#187; align=&#187;center&#187; force_fullwidth=&#187;off&#187; always_center_on_mobile=&#187;on&#187; use_border_color=&#187;off&#187; border_color=&#187;#ffffff&#187; border_style=&#187;solid&#187; \/][et_pb_text admin_label=&#187;Metin&#187; background_layout=&#187;light&#187; text_orientation=&#187;center&#187; use_border_color=&#187;off&#187; border_color=&#187;#ffffff&#187; border_style=&#187;solid&#187;]<\/p>\n<h4 style=\"text-align: center;\"><strong>\u0410\u0441\u0444\u0430\u043b\u044c\u0442\u043e\u0443\u043a\u043b\u0430\u0434\u0447\u0438\u043a<\/strong><\/h4>\n<p>[\/et_pb_text][\/et_pb_column][\/et_pb_row][et_pb_row admin_label=&#187;row&#187;][et_pb_column type=&#187;1_4&#8243;][et_pb_image admin_label=&#187;G\u00f6r\u00fcnt\u00fc&#187; src=&#187;https:\/\/www.maxfieldinvest.com\/wp-content\/uploads\/2020\/01\/\u00c7\u00f6p-Kamyonlar\u0131.jpg&#187; alt=&#187;\u00c7\u00f6p Kamyonlar\u0131&#187; title_text=&#187;\u00c7\u00f6p Kamyonlar\u0131&#187; show_in_lightbox=&#187;off&#187; url_new_window=&#187;off&#187; use_overlay=&#187;off&#187; animation=&#187;left&#187; sticky=&#187;off&#187; align=&#187;center&#187; force_fullwidth=&#187;off&#187; always_center_on_mobile=&#187;on&#187; use_border_color=&#187;off&#187; border_color=&#187;#ffffff&#187; border_style=&#187;solid&#187; \/][et_pb_text admin_label=&#187;Metin&#187; background_layout=&#187;light&#187; text_orientation=&#187;center&#187; use_border_color=&#187;off&#187; border_color=&#187;#ffffff&#187; border_style=&#187;solid&#187;]<\/p>\n<h4 style=\"text-align: center;\"><strong>\u041c\u0443\u0441\u043e\u0440\u043e\u0432\u043e\u0437\u044b<\/strong><\/h4>\n<p>[\/et_pb_text][\/et_pb_column][et_pb_column type=&#187;1_4&#8243;][et_pb_image admin_label=&#187;G\u00f6r\u00fcnt\u00fc&#187; src=&#187;https:\/\/www.maxfieldinvest.com\/wp-content\/uploads\/2020\/01\/Yak\u0131t-Kamyonlar\u0131.jpg&#187; alt=&#187;Yak\u0131t Kamyonlar\u0131&#187; title_text=&#187;Yak\u0131t Kamyonlar\u0131&#187; show_in_lightbox=&#187;off&#187; url_new_window=&#187;off&#187; use_overlay=&#187;off&#187; animation=&#187;left&#187; sticky=&#187;off&#187; align=&#187;center&#187; force_fullwidth=&#187;off&#187; always_center_on_mobile=&#187;on&#187; use_border_color=&#187;off&#187; border_color=&#187;#ffffff&#187; border_style=&#187;solid&#187; \/][et_pb_text admin_label=&#187;Metin&#187; background_layout=&#187;light&#187; text_orientation=&#187;center&#187; use_border_color=&#187;off&#187; border_color=&#187;#ffffff&#187; border_style=&#187;solid&#187;]<\/p>\n<h4 style=\"text-align: center;\"><strong>\u0411\u0435\u043d\u0437\u043e\u0432\u043e\u0437\u044b<\/strong><\/h4>\n<p>[\/et_pb_text][\/et_pb_column][et_pb_column type=&#187;1_4&#8243;][et_pb_image admin_label=&#187;G\u00f6r\u00fcnt\u00fc&#187; src=&#187;https:\/\/www.maxfieldinvest.com\/wp-content\/uploads\/2020\/01\/Kamyon-Vin\u00e7leri.jpg&#187; alt=&#187;Kamyon Vin\u00e7leri&#187; title_text=&#187;Kamyon Vin\u00e7leri&#187; show_in_lightbox=&#187;off&#187; url_new_window=&#187;off&#187; use_overlay=&#187;off&#187; animation=&#187;left&#187; sticky=&#187;off&#187; align=&#187;center&#187; force_fullwidth=&#187;off&#187; always_center_on_mobile=&#187;on&#187; use_border_color=&#187;off&#187; border_color=&#187;#ffffff&#187; border_style=&#187;solid&#187; \/][et_pb_text admin_label=&#187;Metin&#187; background_layout=&#187;light&#187; text_orientation=&#187;center&#187; use_border_color=&#187;off&#187; border_color=&#187;#ffffff&#187; border_style=&#187;solid&#187;]<\/p>\n<h4 style=\"text-align: center;\"><strong>\u0410\u0432\u0442\u043e\u043a\u0440\u0430\u043d\u044b<\/strong><\/h4>\n<p>[\/et_pb_text][\/et_pb_column][et_pb_column type=&#187;1_4&#8243;][et_pb_image admin_label=&#187;G\u00f6r\u00fcnt\u00fc&#187; src=&#187;https:\/\/www.maxfieldinvest.com\/wp-content\/uploads\/2020\/01\/Forkliftler.jpg&#187; alt=&#187;Forkliftler&#187; title_text=&#187;Forkliftler&#187; show_in_lightbox=&#187;off&#187; url_new_window=&#187;off&#187; use_overlay=&#187;off&#187; animation=&#187;left&#187; sticky=&#187;off&#187; align=&#187;center&#187; force_fullwidth=&#187;off&#187; always_center_on_mobile=&#187;on&#187; use_border_color=&#187;off&#187; border_color=&#187;#ffffff&#187; border_style=&#187;solid&#187; \/][et_pb_text admin_label=&#187;Metin&#187; background_layout=&#187;light&#187; text_orientation=&#187;center&#187; use_border_color=&#187;off&#187; border_color=&#187;#ffffff&#187; border_style=&#187;solid&#187;]<\/p>\n<h4 style=\"text-align: center;\"><strong>\u0412\u0438\u043b\u043e\u0447\u043d\u044b\u0435 \u043f\u043e\u0433\u0440\u0443\u0437\u0447\u0438\u043a\u0438<\/strong><\/h4>\n<p>[\/et_pb_text][\/et_pb_column][\/et_pb_row][\/et_pb_section]<\/p>\n","protected":false},"excerpt":{"rendered":"<p>[et_pb_section bb_built=&#187;1&#8243; admin_label=&#187;section&#187;][et_pb_row admin_label=&#187;row&#187;][et_pb_column type=&#187;4_4&#8243;][et_pb_text admin_label=&#187;Metin&#187; background_layout=&#187;light&#187; text_orientation=&#187;left&#187; use_border_color=&#187;off&#187; border_color=&#187;#ffffff&#187; border_style=&#187;solid&#187;] Maxfield Invest LLP \u044f\u0432\u043b\u044f\u0435\u0442\u0441\u044f \u043e\u0434\u043d\u043e\u0439 \u0438\u0437 \u043d\u0430\u0434\u0435\u0436\u043d\u044b\u0445 \u043a\u043e\u043c\u043f\u0430\u043d\u0438\u0439 \u043f\u043e \u043e\u0440\u0433\u0430\u043d\u0438\u0437\u0430\u0446\u0438\u0438 \u043f\u043e\u0441\u0442\u0430\u0432\u043e\u043a \u0441\u043f\u0435\u0446\u0442\u0435\u0445\u043d\u0438\u043a\u0438, \u043e\u0431\u043e\u0440\u0443\u0434\u043e\u0432\u0430\u043d\u0438\u044f \u0438 \u0437\u0430\u043f\u0447\u0430\u0441\u0442\u0435\u0439 \u0438\u0437 \u041a\u041d\u0420. \u041d\u0430 \u0441\u0435\u0433\u043e\u0434\u043d\u044f\u0448\u043d\u0438\u0439 \u0434\u0435\u043d\u044c \u043a\u043e\u043c\u043f\u0430\u043d\u0438\u044f Maxfield Invest LLP \u043f\u0440\u0435\u0434\u0441\u0442\u0430\u0432\u043b\u044f\u0435\u0442 \u043d\u0430 \u0440\u044b\u043d\u043a\u0435 \u0423\u0437\u0431\u0435\u043a\u0438\u0441\u0442\u0430\u043d\u0430 \u0438 \u0434\u0440\u0443\u0433\u0438\u0445 \u0426\u0435\u043d\u0442\u0440\u0430\u043b\u044c\u043d\u043e-\u0430\u0437\u0438\u044f\u0442\u0441\u043a\u0438\u0445 \u0441\u0442\u0440\u0430\u043d, \u0442\u0430\u043a\u0438\u0435 \u043c\u0438\u0440\u043e\u0432\u044b\u0435 \u0431\u0440\u0435\u043d\u0434\u044b \u043a\u0430\u043a Sinotruk, Liugong, XCMG, XGMA, TONLY, Zoomlion, Dong Feng, [&hellip;]<\/p>\n","protected":false},"author":1,"featured_media":0,"parent":0,"menu_order":0,"comment_status":"closed","ping_status":"closed","template":"","meta":[],"_links":{"self":[{"href":"https:\/\/www.maxfieldinvest.com\/ru\/wp-json\/wp\/v2\/pages\/5411"}],"collection":[{"href":"https:\/\/www.maxfieldinvest.com\/ru\/wp-json\/wp\/v2\/pages"}],"about":[{"href":"https:\/\/www.maxfieldinvest.com\/ru\/wp-json\/wp\/v2\/types\/page"}],"author":[{"embeddable":true,"href":"https:\/\/www.maxfieldinvest.com\/ru\/wp-json\/wp\/v2\/users\/1"}],"replies":[{"embeddable":true,"href":"https:\/\/www.maxfieldinvest.com\/ru\/wp-json\/wp\/v2\/comments?post=5411"}],"version-history":[{"count":5,"href":"https:\/\/www.maxfieldinvest.com\/ru\/wp-json\/wp\/v2\/pages\/5411\/revisions"}],"predecessor-version":[{"id":5529,"href":"https:\/\/www.maxfieldinvest.com\/ru\/wp-json\/wp\/v2\/pages\/5411\/revisions\/5529"}],"wp:attachment":[{"href":"https:\/\/www.maxfieldinvest.com\/ru\/wp-json\/wp\/v2\/media?parent=5411"}],"curies":[{"name":"wp","href":"https:\/\/api.w.org\/{rel}","templated":true}]}}