{"id":84,"date":"2017-04-18T13:58:09","date_gmt":"2017-04-18T10:58:09","guid":{"rendered":"http:\/\/www.maxfieldinvest.com\/%d0%b3%d0%bb%d0%b0%d0%b2%d0%bd%d0%b0%d1%8f\/"},"modified":"2022-08-18T04:06:40","modified_gmt":"2022-08-18T01:06:40","slug":"%d0%b3%d0%bb%d0%b0%d0%b2%d0%bd%d0%b0%d1%8f","status":"publish","type":"page","link":"https:\/\/www.maxfieldinvest.com\/ru\/","title":{"rendered":"\u0413\u043b\u0430\u0432\u043d\u0430\u044f"},"content":{"rendered":"<p>[et_pb_section fb_built=&#187;1&#8243; background_image=&#187;http:\/\/www.maxfieldinvest.com\/wp-content\/uploads\/2017\/04\/fon_logo.png&#187; custom_padding=&#187;0px||0px|&#187; admin_label=&#187;section&#187;][et_pb_row make_fullwidth=&#187;on&#187; custom_margin=&#187;-90px|||&#187; admin_label=&#187;row&#187;][et_pb_column type=&#187;4_4&#8243; parallax=&#187;off&#187; parallax_method=&#187;on&#187;][et_pb_slider auto=&#187;on&#187; auto_speed=&#187;6000&#8243; auto_ignore_hover=&#187;on&#187; admin_label=&#187;Slider&#187;][et_pb_slide heading=&#187;Maxfield Invest LLP&#187; button_text=&#187;\u041f\u0440\u043e\u0447\u0438\u0442\u0430\u0439\u0442\u0435 \u0431\u043e\u043b\u044c\u0448\u0435&#187; button_link=&#187;https:\/\/www.maxfieldinvest.com\/ru\/%d1%81%d1%82%d1%80%d0%be%d0%b8%d1%82%d0%b5%d0%bb%d1%8c%d1%81%d1%82%d0%b2%d0%b0-%d1%83%d1%81%d0%bb%d1%83%d0%b3%d0%b8\/&#187; background_image=&#187;https:\/\/www.maxfieldinvest.com\/wp-content\/uploads\/2022\/08\/insaat.jpg&#187; background_position=&#187;center&#187; background_size=&#187;cover&#187; background_color=&#187;#2EA3F2&#8243; image=&#187;https:\/\/www.maxfieldinvest.com\/wp-content\/uploads\/2022\/08\/insaat.png&#187; use_bg_overlay=&#187;on&#187; use_text_overlay=&#187;on&#187; header_font=&#187;||||&#187; body_font=&#187;||||&#187; button_icon_placement=&#187;right&#187; button_on_hover=&#187;on&#187;]<\/p>\n<p>&nbsp;<\/p>\n<p>&nbsp;<\/p>\n<p>Maxfield Invest LLP \u044f\u0432\u043b\u044f\u0435\u0442\u0441\u044f \u043e\u0434\u043d\u043e\u0439 \u0438\u0437 \u043d\u0430\u0434\u0435\u0436\u043d\u044b\u0445 \u043a\u043e\u043c\u043f\u0430\u043d\u0438\u0439 \u043f\u043e \u043e\u0440\u0433\u0430\u043d\u0438\u0437\u0430\u0446\u0438\u0438 \u043f\u043e\u0441\u0442\u0430\u0432\u043e\u043a \u0441\u043f\u0435\u0446\u0442\u0435\u0445\u043d\u0438\u043a\u0438, \u043e\u0431\u043e\u0440\u0443\u0434\u043e\u0432\u0430\u043d\u0438\u044f \u0438 \u0437\u0430\u043f\u0447\u0430\u0441\u0442\u0435\u0439 \u0438\u0437 \u041a\u041d\u0420.!<\/p>\n<p>&nbsp;<\/p>\n<p>&nbsp;<\/p>\n<p>[\/et_pb_slide][et_pb_slide heading=&#187;Maxfield Invest LLP&#187; button_text=&#187;\u041f\u0440\u043e\u0447\u0438\u0442\u0430\u0439\u0442\u0435 \u0431\u043e\u043b\u044c\u0448\u0435&#187; button_link=&#187;http:\/\/www.maxfieldinvest.com\/ru\/%D1%81%D1%8B%D1%80%D1%8C%D0%B5\/&#187; background_image=&#187;http:\/\/www.maxfieldinvest.com\/wp-content\/uploads\/2017\/04\/bakir.jpg&#187; background_position=&#187;center&#187; background_size=&#187;cover&#187; background_color=&#187;#2EA3F2&#8243; image=&#187;http:\/\/www.maxfieldinvest.com\/wp-content\/uploads\/2017\/04\/hammadde3.png&#187; use_bg_overlay=&#187;on&#187; use_text_overlay=&#187;on&#187; header_font=&#187;||||&#187; body_font=&#187;||||&#187; button_icon_placement=&#187;right&#187; button_on_hover=&#187;on&#187;]<\/p>\n<p>&nbsp;<\/p>\n<p>&nbsp;<\/p>\n<p>\u041d\u0430\u0448\u0430 \u043a\u043e\u043c\u043f\u0430\u043d\u0438\u044f \u0441\u043f\u0435\u0446\u0438\u0430\u043b\u0438\u0437\u0438\u0440\u0443\u0435\u0442\u0441\u044f \u043d\u0430 \u043f\u043e\u0441\u0442\u0430\u0432\u043a\u0430\u0445 \u0441\u044b\u0440\u044c\u044f \u0438 \u0433\u043e\u0442\u043e\u0432\u043e\u0439 \u043f\u0440\u043e\u0434\u0443\u043a\u0446\u0438\u0438 \u0432 \u0422\u0443\u0440\u0446\u0438\u044e, \u0420\u043e\u0441\u0441\u0438\u044e, \u041a\u0438\u0442\u0430\u0439, \u0415\u0421, \u0423\u043a\u0440\u0430\u0438\u043d\u0443!<\/p>\n<p>&nbsp;<\/p>\n<p>&nbsp;<\/p>\n<p>[\/et_pb_slide][et_pb_slide heading=&#187;Maxfield Invest LLP&#187; button_text=&#187;\u041f\u0440\u043e\u0447\u0438\u0442\u0430\u0439\u0442\u0435 \u0431\u043e\u043b\u044c\u0448\u0435&#187; button_link=&#187;http:\/\/www.maxfieldinvest.com\/ru\/%D0%BA%D0%B0%D0%B1%D0%B5%D0%BB%D1%8C%D0%BD%D0%B0%D1%8F-%D0%B8-%D0%BC%D0%B5%D0%B4%D0%BD%D0%B0%D1%8F-%D0%BF%D1%80%D0%BE%D0%B2%D0%BE%D0%BB%D0%BE%D0%BA%D0%B0\/&#187; background_image=&#187;http:\/\/www.maxfieldinvest.com\/wp-content\/uploads\/2017\/04\/kablo-ve-teller.jpg&#187; background_position=&#187;center&#187; background_size=&#187;cover&#187; background_color=&#187;#2EA3F2&#8243; use_bg_overlay=&#187;on&#187; use_text_overlay=&#187;on&#187; header_font=&#187;||||&#187; body_font=&#187;||||&#187; button_icon_placement=&#187;right&#187; button_on_hover=&#187;on&#187;]<\/p>\n<p>&nbsp;<\/p>\n<p>&nbsp;<\/p>\n<p>\u041d\u0430\u0448\u0430 \u043a\u043e\u043c\u043f\u0430\u043d\u0438\u044f \u0441\u043f\u0435\u0446\u0438\u0430\u043b\u0438\u0437\u0438\u0440\u0443\u0435\u0442\u0441\u044f \u043d\u0430 \u043f\u043e\u0441\u0442\u0430\u0432\u043a\u0430\u0445 \u0441\u044b\u0440\u044c\u044f \u0438 \u0433\u043e\u0442\u043e\u0432\u043e\u0439 \u043f\u0440\u043e\u0434\u0443\u043a\u0446\u0438\u0438 \u0432 \u0422\u0443\u0440\u0446\u0438\u044e, \u0420\u043e\u0441\u0441\u0438\u044e, \u041a\u0438\u0442\u0430\u0439, \u0415\u0421, \u0423\u043a\u0440\u0430\u0438\u043d\u0443!<\/p>\n<p>&nbsp;<\/p>\n<p>&nbsp;<\/p>\n<p>[\/et_pb_slide][et_pb_slide heading=&#187;Maxfield Invest LLP&#187; button_text=&#187;\u041f\u0440\u043e\u0447\u0438\u0442\u0430\u0439\u0442\u0435 \u0431\u043e\u043b\u044c\u0448\u0435&#187; background_image=&#187;http:\/\/www.maxfieldinvest.com\/wp-content\/uploads\/2017\/04\/slider-2.jpg&#187; background_position=&#187;center&#187; background_size=&#187;cover&#187; background_color=&#187;#2EA3F2&#8243; use_bg_overlay=&#187;on&#187; use_text_overlay=&#187;on&#187; header_font=&#187;||||&#187; body_font=&#187;||||&#187; button_icon_placement=&#187;right&#187; button_on_hover=&#187;on&#187;]<\/p>\n<p>&nbsp;<\/p>\n<p>&nbsp;<\/p>\n<p>\u041d\u0430\u0448\u0430 \u043a\u043e\u043c\u043f\u0430\u043d\u0438\u044f \u0441\u043f\u0435\u0446\u0438\u0430\u043b\u0438\u0437\u0438\u0440\u0443\u0435\u0442\u0441\u044f \u043d\u0430 \u043f\u043e\u0441\u0442\u0430\u0432\u043a\u0430\u0445 \u0441\u044b\u0440\u044c\u044f \u0438 \u0433\u043e\u0442\u043e\u0432\u043e\u0439 \u043f\u0440\u043e\u0434\u0443\u043a\u0446\u0438\u0438 \u0432 \u0422\u0443\u0440\u0446\u0438\u044e, \u0420\u043e\u0441\u0441\u0438\u044e, \u041a\u0438\u0442\u0430\u0439, \u0415\u0421, \u0423\u043a\u0440\u0430\u0438\u043d\u0443!<\/p>\n<p>&nbsp;<\/p>\n<p>&nbsp;<\/p>\n<p>[\/et_pb_slide][\/et_pb_slider][\/et_pb_column][\/et_pb_row][\/et_pb_section][et_pb_section fb_built=&#187;1&#8243; admin_label=&#187;B\u00f6l\u00fcm&#187;][et_pb_row admin_label=&#187;Sat\u0131r&#187;][et_pb_column type=&#187;4_4&#8243; parallax=&#187;off&#187; parallax_method=&#187;on&#187;][et_pb_text admin_label=&#187;Metin&#187;]<\/p>\n<p>\u041d\u0430\u0448\u0430 \u043a\u043e\u043c\u043f\u0430\u043d\u0438\u044f \u0431\u044b\u043b\u0430 \u043e\u0441\u043d\u043e\u0432\u0430\u043d\u0430 \u0432 2014 \u0433\u043e\u0434\u0443 \u0431\u0438\u0437\u043d\u0435\u0441\u043c\u0435\u043d\u0430\u043c\u0438 \u0441\u043f\u0435\u0446\u0438\u0430\u043b\u0438\u0437\u0438\u0440\u0443\u044e\u0449\u0438\u043c\u0438\u0441\u044f \u043d\u0430 \u043c\u0435\u0436\u0434\u0443\u043d\u0430\u0440\u043e\u0434\u043d\u043e\u0439 \u0442\u043e\u0440\u0433\u043e\u0432\u043b\u0435. \u041c\u044b \u043f\u0440\u043e\u0434\u0430\u0435\u043c \u0441\u0443\u0448\u0435\u043d\u044b\u0435 \u0444\u0440\u0443\u043a\u0442\u044b \u0438 \u043e\u0432\u043e\u0449\u0438, \u043c\u0435\u0434\u044c (\u043c\u0435\u0434\u043d\u0430\u044f \u0442\u0440\u0443\u0431\u0430, \u043c\u0435\u0434\u043d\u0430\u044f \u043f\u0440\u043e\u0432\u043e\u043b\u043e\u043a\u0430, \u043c\u0435\u0434\u043d\u044b\u0439 \u043a\u0430\u0431\u0435\u043b\u044c, \u043c\u0435\u0434\u043d\u044b\u0439 \u043a\u043e\u0442\u0435\u043b), \u0446\u0438\u043d\u043a (\u0446\u0438\u043d\u043a\u043e\u0432\u044b\u0439 \u043a\u043e\u0442\u0435\u043b, \u043b\u0438\u0441\u0442 \u043c\u0435\u0434\u043d\u043e-\u0446\u0438\u043d\u043a\u043e\u0432\u043e\u0433\u043e \u0441\u043f\u043b\u0430\u0432\u0430), \u0426\u0410\u041c, \u0445\u043b\u043e\u043f\u0447\u0430\u0442\u043e\u0431\u0443\u043c\u0430\u0436\u043d\u0443\u044e \u043f\u0440\u044f\u0436\u0443 \u0438 \u0434\u0440\u0443\u0433\u0438\u0435 \u0442\u0435\u043a\u0441\u0442\u0438\u043b\u044c\u043d\u044b\u0435 \u0438\u0437\u0434\u0435\u043b\u0438\u044f.<\/p>\n<p>[\/et_pb_text][\/et_pb_column][\/et_pb_row][\/et_pb_section][et_pb_section fb_built=&#187;1&#8243; fullwidth=&#187;on&#187; admin_label=&#187;B\u00f6l\u00fcm&#187;][et_pb_fullwidth_code admin_label=&#187;Tam Geni\u015f Kod&#187;]&lt;center&gt;&lt;iframe frameborder=&quot;0&quot; scrolling=&quot;no&quot; height=&quot;62&quot; width=&quot;1200&quot; allowtransparency=&quot;true&quot; marginwidth=&quot;0&quot; marginheight=&quot;0&quot; src=&quot;https:\/\/ssltools.forexprostools.com\/quotes_bar.php?force_lang=10&amp;tab_1=1,2,3,66,4&amp;tab_2=8830,8831,8836,8910,49768&amp;tab_3=956731,956481,27,172,166&amp;curr-name-color=%230059B0&amp;inner-text-color=%23666666&amp;green-text-color=%23008000&amp;red-text-color=%23FF0000&quot;&gt;&lt;\/iframe&gt;&lt;\/center&gt;[\/et_pb_fullwidth_code][\/et_pb_section]<\/p>\n","protected":false},"excerpt":{"rendered":"<p>[et_pb_section fb_built=&#187;1&#8243; background_image=&#187;http:\/\/www.maxfieldinvest.com\/wp-content\/uploads\/2017\/04\/fon_logo.png&#187; custom_padding=&#187;0px||0px|&#187; admin_label=&#187;section&#187;][et_pb_row make_fullwidth=&#187;on&#187; custom_margin=&#187;-90px|||&#187; admin_label=&#187;row&#187;][et_pb_column type=&#187;4_4&#8243; parallax=&#187;off&#187; parallax_method=&#187;on&#187;][et_pb_slider auto=&#187;on&#187; auto_speed=&#187;6000&#8243; auto_ignore_hover=&#187;on&#187; admin_label=&#187;Slider&#187;][et_pb_slide heading=&#187;Maxfield Invest LLP&#187; button_text=&#187;\u041f\u0440\u043e\u0447\u0438\u0442\u0430\u0439\u0442\u0435 \u0431\u043e\u043b\u044c\u0448\u0435&#187; button_link=&#187;https:\/\/www.maxfieldinvest.com\/ru\/%d1%81%d1%82%d1%80%d0%be%d0%b8%d1%82%d0%b5%d0%bb%d1%8c%d1%81%d1%82%d0%b2%d0%b0-%d1%83%d1%81%d0%bb%d1%83%d0%b3%d0%b8\/&#187; background_image=&#187;https:\/\/www.maxfieldinvest.com\/wp-content\/uploads\/2022\/08\/insaat.jpg&#187; background_position=&#187;center&#187; background_size=&#187;cover&#187; background_color=&#187;#2EA3F2&#8243; image=&#187;https:\/\/www.maxfieldinvest.com\/wp-content\/uploads\/2022\/08\/insaat.png&#187; use_bg_overlay=&#187;on&#187; use_text_overlay=&#187;on&#187; header_font=&#187;||||&#187; body_font=&#187;||||&#187; button_icon_placement=&#187;right&#187; button_on_hover=&#187;on&#187;] &nbsp; &nbsp; Maxfield Invest LLP \u044f\u0432\u043b\u044f\u0435\u0442\u0441\u044f \u043e\u0434\u043d\u043e\u0439 \u0438\u0437 \u043d\u0430\u0434\u0435\u0436\u043d\u044b\u0445 \u043a\u043e\u043c\u043f\u0430\u043d\u0438\u0439 \u043f\u043e \u043e\u0440\u0433\u0430\u043d\u0438\u0437\u0430\u0446\u0438\u0438 \u043f\u043e\u0441\u0442\u0430\u0432\u043e\u043a \u0441\u043f\u0435\u0446\u0442\u0435\u0445\u043d\u0438\u043a\u0438, \u043e\u0431\u043e\u0440\u0443\u0434\u043e\u0432\u0430\u043d\u0438\u044f \u0438 \u0437\u0430\u043f\u0447\u0430\u0441\u0442\u0435\u0439 \u0438\u0437 \u041a\u041d\u0420.! &nbsp; &nbsp; [\/et_pb_slide][et_pb_slide heading=&#187;Maxfield [&hellip;]<\/p>\n","protected":false},"author":1,"featured_media":0,"parent":0,"menu_order":0,"comment_status":"closed","ping_status":"closed","template":"","meta":[],"_links":{"self":[{"href":"https:\/\/www.maxfieldinvest.com\/ru\/wp-json\/wp\/v2\/pages\/84"}],"collection":[{"href":"https:\/\/www.maxfieldinvest.com\/ru\/wp-json\/wp\/v2\/pages"}],"about":[{"href":"https:\/\/www.maxfieldinvest.com\/ru\/wp-json\/wp\/v2\/types\/page"}],"author":[{"embeddable":true,"href":"https:\/\/www.maxfieldinvest.com\/ru\/wp-json\/wp\/v2\/users\/1"}],"replies":[{"embeddable":true,"href":"https:\/\/www.maxfieldinvest.com\/ru\/wp-json\/wp\/v2\/comments?post=84"}],"version-history":[{"count":9,"href":"https:\/\/www.maxfieldinvest.com\/ru\/wp-json\/wp\/v2\/pages\/84\/revisions"}],"predecessor-version":[{"id":5645,"href":"https:\/\/www.maxfieldinvest.com\/ru\/wp-json\/wp\/v2\/pages\/84\/revisions\/5645"}],"wp:attachment":[{"href":"https:\/\/www.maxfieldinvest.com\/ru\/wp-json\/wp\/v2\/media?parent=84"}],"curies":[{"name":"wp","href":"https:\/\/api.w.org\/{rel}","templated":true}]}}